{"id":12,"date":"2019-09-17T07:11:11","date_gmt":"2019-09-17T07:11:11","guid":{"rendered":"http:\/\/www.mtr-servis.sk\/?page_id=12"},"modified":"2025-12-19T06:31:01","modified_gmt":"2025-12-19T06:31:01","slug":"a-homepage-section","status":"publish","type":"page","link":"https:\/\/www.mtr-servis.sk\/","title":{"rendered":"Ponuka slu\u017eieb"},"content":{"rendered":"<ul>\n<li>pon\u00fakame opravy prevodoviek pre osobn\u00e9 a \u00fa\u017eitkov\u00e9 vozidl\u00e1<\/li>\n<li>fr\u00e9zovanie vlo\u017eiek a p\u00fazdier pre lo\u017eisk\u00e1<\/li>\n<li>pieskovanie dielov<\/li>\n<li>opravy prevodoviek aj do 24hod<\/li>\n<li>&#8211; Opravy pr\u00eddavn\u00fdch prevodoviek<br \/>\n&#8211; Opravy lodn\u00fdch prevodoviek<br \/>\n&#8211; Diely od renomovan\u00fdch v\u00fdrobcov mopar , GM , ZF , Jatko , TIMKEN , FAG , SNR , INA &#8230;<\/li>\n<li>Prevodovku m\u00f4\u017eete po dohode prinies\u0165 alebo zasla\u0165 kuri\u00e9rom (<strong>aspo\u0148 zhruba o\u010disten\u00fa ,bez spojkov\u00e9ho lo\u017eiska a dr\u017eiakov<\/strong>)<\/li>\n<\/ul>\n","protected":false},"excerpt":{"rendered":"<p>pon\u00fakame opravy prevodoviek pre osobn\u00e9 a \u00fa\u017eitkov\u00e9 vozidl\u00e1 fr\u00e9zovanie vlo\u017eiek a p\u00fazdier pre lo\u017eisk\u00e1 pieskovanie dielov opravy prevodoviek aj do 24hod &#8211; Opravy pr\u00eddavn\u00fdch prevodoviek &#8211; Opravy lodn\u00fdch prevodoviek &#8211; Diely od renomovan\u00fdch v\u00fdrobcov mopar , GM , ZF ,&hellip;&nbsp;<a href=\"https:\/\/www.mtr-servis.sk\/\" class=\"more-link\">Read More<\/a><\/p>\n","protected":false},"author":1,"featured_media":0,"parent":0,"menu_order":0,"comment_status":"closed","ping_status":"closed","template":"","meta":{"footnotes":""},"class_list":["post-12","page","type-page","status-publish","hentry"],"_links":{"self":[{"href":"https:\/\/www.mtr-servis.sk\/index.php?rest_route=\/wp\/v2\/pages\/12","targetHints":{"allow":["GET"]}}],"collection":[{"href":"https:\/\/www.mtr-servis.sk\/index.php?rest_route=\/wp\/v2\/pages"}],"about":[{"href":"https:\/\/www.mtr-servis.sk\/index.php?rest_route=\/wp\/v2\/types\/page"}],"author":[{"embeddable":true,"href":"https:\/\/www.mtr-servis.sk\/index.php?rest_route=\/wp\/v2\/users\/1"}],"replies":[{"embeddable":true,"href":"https:\/\/www.mtr-servis.sk\/index.php?rest_route=%2Fwp%2Fv2%2Fcomments&post=12"}],"version-history":[{"count":12,"href":"https:\/\/www.mtr-servis.sk\/index.php?rest_route=\/wp\/v2\/pages\/12\/revisions"}],"predecessor-version":[{"id":235,"href":"https:\/\/www.mtr-servis.sk\/index.php?rest_route=\/wp\/v2\/pages\/12\/revisions\/235"}],"wp:attachment":[{"href":"https:\/\/www.mtr-servis.sk\/index.php?rest_route=%2Fwp%2Fv2%2Fmedia&parent=12"}],"curies":[{"name":"wp","href":"https:\/\/api.w.org\/{rel}","templated":true}]}}